{"id":72,"date":"2025-06-03T17:31:23","date_gmt":"2025-06-03T15:31:23","guid":{"rendered":"https:\/\/loescher-klug.at\/demo\/wp-keramik\/?page_id=72"},"modified":"2025-06-03T21:09:06","modified_gmt":"2025-06-03T19:09:06","slug":"offene-werkstatt","status":"publish","type":"page","link":"https:\/\/loescher-klug.at\/demo\/wp-keramik\/offene-werkstatt\/","title":{"rendered":"Offene Werkstatt"},"content":{"rendered":"\n<div class=\"wp-block-group alignfull is-style-default has-global-padding is-layout-constrained wp-block-group-is-layout-constrained\" style=\"margin-top:0;margin-bottom:0;padding-top:var(--wp--preset--spacing--40);padding-bottom:var(--wp--preset--spacing--40)\">\n<div class=\"wp-block-columns alignwide has-base-background-color has-background is-layout-flex wp-container-core-columns-is-layout-66fad18a wp-block-columns-is-layout-flex\">\n<div class=\"wp-block-column is-vertically-aligned-center is-layout-flow wp-block-column-is-layout-flow\" style=\"padding-right:var(--wp--preset--spacing--20);flex-basis:50%\">\n<div class=\"alignnormal\"><div id=\"metaslider-id-257\" style=\"width: 100%;\" class=\"ml-slider-3-101-0 metaslider metaslider-flex metaslider-257 ml-slider has-onhover-arrows has-dots-nav ms-theme-default-base\" role=\"region\" aria-label=\"Keramikstudio\" data-height=\"700\" data-width=\"1400\">\n    <div id=\"metaslider_container_257\">\n        <div id=\"metaslider_257\">\n            <ul class='slides'>\n                <li style=\"display: block; width: 100%;\" class=\"slide-258 ms-image \" aria-roledescription=\"slide\" data-date=\"2025-06-03 20:57:06\"><img loading=\"lazy\" decoding=\"async\" src=\"https:\/\/loescher-klug.at\/demo\/wp-keramik\/wp-content\/uploads\/2025\/06\/alex-jones-Tq4YjCa2BSc-unsplash-scaled-1400x700.jpg\" height=\"700\" width=\"1400\" alt=\"\" class=\"slider-257 slide-258 msDefaultImage\" title=\"alex-jones-Tq4YjCa2BSc-unsplash\" \/><\/li>\n                <li style=\"display: none; width: 100%;\" class=\"slide-259 ms-image \" aria-roledescription=\"slide\" data-date=\"2025-06-03 20:57:11\"><img loading=\"lazy\" decoding=\"async\" src=\"https:\/\/loescher-klug.at\/demo\/wp-keramik\/wp-content\/uploads\/2025\/06\/earl-wilcox-pSo0u53FF10-unsplash-scaled-1400x700.jpg\" height=\"700\" width=\"1400\" alt=\"\" class=\"slider-257 slide-259 msDefaultImage\" title=\"earl-wilcox-pSo0u53FF10-unsplash\" \/><\/li>\n                <li style=\"display: none; width: 100%;\" class=\"slide-260 ms-image \" aria-roledescription=\"slide\" data-date=\"2025-06-03 20:57:24\"><img loading=\"lazy\" decoding=\"async\" src=\"https:\/\/loescher-klug.at\/demo\/wp-keramik\/wp-content\/uploads\/2025\/06\/anne-nygard-G4IB-r6nsJI-unsplash-1-scaled-1400x700.jpg\" height=\"700\" width=\"1400\" alt=\"\" class=\"slider-257 slide-260 msDefaultImage\" title=\"anne-nygard-G4IB-r6nsJI-unsplash\" \/><\/li>\n                <li style=\"display: none; width: 100%;\" class=\"slide-261 ms-image \" aria-roledescription=\"slide\" data-date=\"2025-06-03 20:57:43\"><img loading=\"lazy\" decoding=\"async\" src=\"https:\/\/loescher-klug.at\/demo\/wp-keramik\/wp-content\/uploads\/2025\/06\/hand-5441435_1920-1-1400x700.jpg\" height=\"700\" width=\"1400\" alt=\"\" class=\"slider-257 slide-261 msDefaultImage\" title=\"hand-5441435_1920\" \/><\/li>\n            <\/ul>\n        <\/div>\n        \n    <\/div>\n<\/div><\/div>\n<\/div>\n\n\n\n<div class=\"wp-block-column is-vertically-aligned-center is-layout-flow wp-block-column-is-layout-flow\" style=\"padding-right:0;padding-left:0;flex-basis:50%\">\n<div class=\"wp-block-group is-vertical is-layout-flex wp-container-core-group-is-layout-fe9cc265 wp-block-group-is-layout-flex\">\n<h2 class=\"wp-block-heading is-style-default\">Einblicke<\/h2>\n<\/div>\n\n\n\n<p>Im gemeinschaftlichen Arbeitsraum befinden sich gem\u00fctliche Arbeitspl\u00e4tze f\u00fcr das Arbeiten mit Ton, elektrische T\u00f6pferscheiben, T\u00f6pfer- und Modellierwerkzeugen, R\u00e4nderscheiben, Glasurutensilien, Glasuren und Engoben.<\/p>\n\n\n\n<p>Eine Vielzahl an Tonen kann man nat\u00fcrlich auch erwerben und unsere Brenn\u00f6fen nutzen.<\/p>\n\n\n\n<p class=\"is-style-default\">Unsere Kursleiter:innen kennen sich bestens auf dem Gebiet des Tons aus. Hier seid ihr in besten H\u00e4nden, um Keramik kennenzulernen oder euer erlangtes Wissen zu vertiefen.<\/p>\n<\/div>\n<\/div>\n<\/div>\n","protected":false},"excerpt":{"rendered":"<p>Einblicke Im gemeinschaftlichen Arbeitsraum befinden sich gem\u00fctliche Arbeitspl\u00e4tze f\u00fcr das Arbeiten mit Ton, elektrische T\u00f6pferscheiben, T\u00f6pfer- und Modellierwerkzeugen, R\u00e4nderscheiben, Glasurutensilien, Glasuren und Engoben. Eine Vielzahl an Tonen kann man nat\u00fcrlich auch erwerben und unsere Brenn\u00f6fen nutzen. Unsere Kursleiter:innen kennen sich bestens auf dem Gebiet des Tons aus. Hier seid ihr in besten H\u00e4nden, um Keramik [&hellip;]<\/p>\n","protected":false},"author":1,"featured_media":0,"parent":0,"menu_order":0,"comment_status":"closed","ping_status":"closed","template":"","meta":{"footnotes":""},"class_list":["post-72","page","type-page","status-publish","hentry"],"_links":{"self":[{"href":"https:\/\/loescher-klug.at\/demo\/wp-keramik\/wp-json\/wp\/v2\/pages\/72","targetHints":{"allow":["GET"]}}],"collection":[{"href":"https:\/\/loescher-klug.at\/demo\/wp-keramik\/wp-json\/wp\/v2\/pages"}],"about":[{"href":"https:\/\/loescher-klug.at\/demo\/wp-keramik\/wp-json\/wp\/v2\/types\/page"}],"author":[{"embeddable":true,"href":"https:\/\/loescher-klug.at\/demo\/wp-keramik\/wp-json\/wp\/v2\/users\/1"}],"replies":[{"embeddable":true,"href":"https:\/\/loescher-klug.at\/demo\/wp-keramik\/wp-json\/wp\/v2\/comments?post=72"}],"version-history":[{"count":3,"href":"https:\/\/loescher-klug.at\/demo\/wp-keramik\/wp-json\/wp\/v2\/pages\/72\/revisions"}],"predecessor-version":[{"id":270,"href":"https:\/\/loescher-klug.at\/demo\/wp-keramik\/wp-json\/wp\/v2\/pages\/72\/revisions\/270"}],"wp:attachment":[{"href":"https:\/\/loescher-klug.at\/demo\/wp-keramik\/wp-json\/wp\/v2\/media?parent=72"}],"curies":[{"name":"wp","href":"https:\/\/api.w.org\/{rel}","templated":true}]}}