{"id":354,"date":"2025-10-05T19:12:37","date_gmt":"2025-10-05T17:12:37","guid":{"rendered":"https:\/\/loescher-klug.at\/demo\/wp-keramik\/produkt\/fruehstuecksschale-siena\/"},"modified":"2025-10-05T19:50:28","modified_gmt":"2025-10-05T17:50:28","slug":"fruehstuecksschale-siena","status":"publish","type":"product","link":"https:\/\/loescher-klug.at\/demo\/wp-keramik\/produkt\/fruehstuecksschale-siena\/","title":{"rendered":"Fr\u00fchst\u00fccksschale Siena"},"content":{"rendered":"<p>Handgefertigte Schale aus hochwertiger italienischer Keramik. Jedes St\u00fcck ist ein Unikat mit glasiertem Finish.<\/p>\n","protected":false},"excerpt":{"rendered":"<p>Handgefertigte Schale aus hochwertiger italienischer Keramik. Jedes St\u00fcck ist ein Unikat mit glasiertem Finish.<\/p>\n","protected":false},"featured_media":348,"template":"","meta":[],"product_brand":[],"product_cat":[27],"product_tag":[],"class_list":{"0":"post-354","1":"product","2":"type-product","3":"status-publish","4":"has-post-thumbnail","6":"product_cat-schalen","8":"first","9":"instock","10":"sale","11":"taxable","12":"shipping-taxable","13":"purchasable","14":"product-type-simple"},"_links":{"self":[{"href":"https:\/\/loescher-klug.at\/demo\/wp-keramik\/wp-json\/wp\/v2\/product\/354","targetHints":{"allow":["GET"]}}],"collection":[{"href":"https:\/\/loescher-klug.at\/demo\/wp-keramik\/wp-json\/wp\/v2\/product"}],"about":[{"href":"https:\/\/loescher-klug.at\/demo\/wp-keramik\/wp-json\/wp\/v2\/types\/product"}],"wp:featuredmedia":[{"embeddable":true,"href":"https:\/\/loescher-klug.at\/demo\/wp-keramik\/wp-json\/wp\/v2\/media\/348"}],"wp:attachment":[{"href":"https:\/\/loescher-klug.at\/demo\/wp-keramik\/wp-json\/wp\/v2\/media?parent=354"}],"wp:term":[{"taxonomy":"product_brand","embeddable":true,"href":"https:\/\/loescher-klug.at\/demo\/wp-keramik\/wp-json\/wp\/v2\/product_brand?post=354"},{"taxonomy":"product_cat","embeddable":true,"href":"https:\/\/loescher-klug.at\/demo\/wp-keramik\/wp-json\/wp\/v2\/product_cat?post=354"},{"taxonomy":"product_tag","embeddable":true,"href":"https:\/\/loescher-klug.at\/demo\/wp-keramik\/wp-json\/wp\/v2\/product_tag?post=354"}],"curies":[{"name":"wp","href":"https:\/\/api.w.org\/{rel}","templated":true}]}}