{"id":359,"date":"2025-10-05T19:12:38","date_gmt":"2025-10-05T17:12:38","guid":{"rendered":"https:\/\/loescher-klug.at\/demo\/wp-keramik\/produkt\/kraeutertopf-napoli\/"},"modified":"2025-10-05T19:50:28","modified_gmt":"2025-10-05T17:50:28","slug":"kraeutertopf-napoli","status":"publish","type":"product","link":"https:\/\/loescher-klug.at\/demo\/wp-keramik\/produkt\/kraeutertopf-napoli\/","title":{"rendered":"Kr\u00e4utertopf Napoli"},"content":{"rendered":"<p>Handgefertigte Kr\u00e4uertopf aus hochwertiger italienischer Keramik. Jedes St\u00fcck ist ein Unikat mit glasiertem Finish.<\/p>\n","protected":false},"excerpt":{"rendered":"<p>Handgefertigte Kr\u00e4uertopf aus hochwertiger italienischer Keramik. Jedes St\u00fcck ist ein Unikat mit glasiertem Finish.<\/p>\n","protected":false},"featured_media":0,"template":"","meta":[],"product_brand":[],"product_cat":[29],"product_tag":[],"class_list":{"0":"post-359","1":"product","2":"type-product","3":"status-publish","5":"product_cat-kannen","7":"first","8":"instock","9":"sale","10":"taxable","11":"shipping-taxable","12":"purchasable","13":"product-type-simple"},"_links":{"self":[{"href":"https:\/\/loescher-klug.at\/demo\/wp-keramik\/wp-json\/wp\/v2\/product\/359","targetHints":{"allow":["GET"]}}],"collection":[{"href":"https:\/\/loescher-klug.at\/demo\/wp-keramik\/wp-json\/wp\/v2\/product"}],"about":[{"href":"https:\/\/loescher-klug.at\/demo\/wp-keramik\/wp-json\/wp\/v2\/types\/product"}],"wp:attachment":[{"href":"https:\/\/loescher-klug.at\/demo\/wp-keramik\/wp-json\/wp\/v2\/media?parent=359"}],"wp:term":[{"taxonomy":"product_brand","embeddable":true,"href":"https:\/\/loescher-klug.at\/demo\/wp-keramik\/wp-json\/wp\/v2\/product_brand?post=359"},{"taxonomy":"product_cat","embeddable":true,"href":"https:\/\/loescher-klug.at\/demo\/wp-keramik\/wp-json\/wp\/v2\/product_cat?post=359"},{"taxonomy":"product_tag","embeddable":true,"href":"https:\/\/loescher-klug.at\/demo\/wp-keramik\/wp-json\/wp\/v2\/product_tag?post=359"}],"curies":[{"name":"wp","href":"https:\/\/api.w.org\/{rel}","templated":true}]}}